{"id":24,"date":"2024-06-23T01:44:42","date_gmt":"2024-06-23T01:44:42","guid":{"rendered":"https:\/\/wbdesignstudio.com\/?page_id=24"},"modified":"2026-01-11T14:07:39","modified_gmt":"2026-01-11T13:07:39","slug":"home","status":"publish","type":"page","link":"https:\/\/wbdesignstudio.com\/","title":{"rendered":"TIMELESS. UNIQUE. DESIGN."},"content":{"rendered":"\n<figure class=\"wp-block-image alignfull size-large\"><img loading=\"lazy\" decoding=\"async\" width=\"1024\" height=\"514\" src=\"https:\/\/wbdesignstudio.com\/wp-content\/uploads\/2025\/12\/Entry-Image-SillonK-WB-DESIGNSTUDIO-1024x514.png\" alt=\"\" class=\"wp-image-462\" srcset=\"https:\/\/wbdesignstudio.com\/wp-content\/uploads\/2025\/12\/Entry-Image-SillonK-WB-DESIGNSTUDIO-1024x514.png 1024w, https:\/\/wbdesignstudio.com\/wp-content\/uploads\/2025\/12\/Entry-Image-SillonK-WB-DESIGNSTUDIO-300x151.png 300w, https:\/\/wbdesignstudio.com\/wp-content\/uploads\/2025\/12\/Entry-Image-SillonK-WB-DESIGNSTUDIO-2000x1004.png 2000w\" sizes=\"auto, (max-width: 1024px) 100vw, 1024px\" \/><\/figure>\n\n\n\n<h4 class=\"wp-block-heading\"><\/h4>\n\n\n\n<h4 class=\"wp-block-heading\"><br>WB DESIGNSTUDIO steht f\u00fcr ma\u00dfgefertigte M\u00f6bel und Designobjekte \u2013 entwickelt in Zusammenarbeit mit Manufakturen aus Europa und Mexiko.<br><\/h4>\n\n\n\n<h4 class=\"wp-block-heading\">Jedes St\u00fcck ist ein Unikat, das Liebe zum Detail, originelle Formen und handwerkliche Qualit\u00e4t vereint.<\/h4>\n","protected":false},"excerpt":{"rendered":"<p>WB DESIGNSTUDIO steht f\u00fcr ma\u00dfgefertigte M\u00f6bel und Designobjekte \u2013 entwickelt in Zusammenarbeit mit Manufakturen aus Europa und Mexiko. Jedes St\u00fcck ist ein Unikat, das Liebe zum Detail, originelle Formen und handwerkliche Qualit\u00e4t vereint.<\/p>\n","protected":false},"author":1,"featured_media":0,"parent":0,"menu_order":1,"comment_status":"closed","ping_status":"closed","template":"","meta":{"inspiro_hide_title":false,"footnotes":""},"class_list":["post-24","page","type-page","status-publish","hentry"],"_links":{"self":[{"href":"https:\/\/wbdesignstudio.com\/index.php?rest_route=\/wp\/v2\/pages\/24","targetHints":{"allow":["GET"]}}],"collection":[{"href":"https:\/\/wbdesignstudio.com\/index.php?rest_route=\/wp\/v2\/pages"}],"about":[{"href":"https:\/\/wbdesignstudio.com\/index.php?rest_route=\/wp\/v2\/types\/page"}],"author":[{"embeddable":true,"href":"https:\/\/wbdesignstudio.com\/index.php?rest_route=\/wp\/v2\/users\/1"}],"replies":[{"embeddable":true,"href":"https:\/\/wbdesignstudio.com\/index.php?rest_route=%2Fwp%2Fv2%2Fcomments&post=24"}],"version-history":[{"count":39,"href":"https:\/\/wbdesignstudio.com\/index.php?rest_route=\/wp\/v2\/pages\/24\/revisions"}],"predecessor-version":[{"id":646,"href":"https:\/\/wbdesignstudio.com\/index.php?rest_route=\/wp\/v2\/pages\/24\/revisions\/646"}],"wp:attachment":[{"href":"https:\/\/wbdesignstudio.com\/index.php?rest_route=%2Fwp%2Fv2%2Fmedia&parent=24"}],"curies":[{"name":"wp","href":"https:\/\/api.w.org\/{rel}","templated":true}]}}