{"id":285,"date":"2025-11-15T17:20:11","date_gmt":"2025-11-15T17:20:11","guid":{"rendered":"https:\/\/wbdesignstudio.com\/?page_id=285"},"modified":"2026-01-11T18:44:12","modified_gmt":"2026-01-11T17:44:12","slug":"impressum","status":"publish","type":"page","link":"https:\/\/wbdesignstudio.com\/?page_id=285","title":{"rendered":"IMPRESSUM"},"content":{"rendered":"\n<p>Angaben gem\u00e4\u00df \u00a7 5 Digitale-Dienste-Gesetz (DDG):<\/p>\n\n\n\n<p><strong>WB DESIGNSTUDIO<\/strong><br>Inhaberin: <strong>Katarzyna Brymerski<\/strong><br>M\u00fchlweg 13<br>70806 Kornwestheim<br>Deutschland<\/p>\n\n\n\n<p><strong>Rechtsform des Unternehmens<\/strong><br>Einzelunternehmen<\/p>\n\n\n\n<p><strong>Vertretungsberechtigt<\/strong><br>Katarzyna Brymerski<\/p>\n\n\n\n<p><strong>Kontakt<\/strong><br>E-Mail: <em>info<\/em>@wbdesignstudio.com<br>Telefon: +49 151 68422678 &nbsp;<\/p>\n\n\n\n<p><strong>Umsatzsteuer-ID<\/strong><br>Umsatzsteuer-Identifikationsnummer gem\u00e4\u00df \u00a7 27a Umsatzsteuergesetz: <\/p>\n\n\n\n<p><strong>DE458580980<\/strong><\/p>\n\n\n\n<h3 class=\"wp-block-heading\"><strong>HAFTUNG F\u00dcR INHALTE<\/strong><\/h3>\n\n\n\n<p>Als Diensteanbieter sind wir gem\u00e4\u00df \u00a7 7 DDG f\u00fcr eigene Inhalte auf diesen Seiten nach den allgemeinen Gesetzen verantwortlich. Nach \u00a7\u00a7 8 bis 10 DDG sind wir jedoch nicht verpflichtet, \u00fcbermittelte oder gespeicherte fremde Informationen zu \u00fcberwachen oder nach Umst\u00e4nden zu forschen, die auf eine rechtswidrige T\u00e4tigkeit hinweisen. <\/p>\n\n\n\n<p>Verpflichtungen zur Entfernung oder Sperrung der Nutzung von Informationen nach den allgemeinen Gesetzen bleiben hiervon unber\u00fchrt. Eine diesbez\u00fcgliche Haftung ist erst ab dem Zeitpunkt der Kenntnis einer konkreten Rechtsverletzung m\u00f6glich. Bei Bekanntwerden von entsprechenden Rechtsverletzungen entfernen wir diese Inhalte umgehend.<\/p>\n\n\n\n<h3 class=\"wp-block-heading\"><strong>HAFTUNG F\u00dcR LINKS<\/strong><\/h3>\n\n\n\n<p>Unser Angebot enth\u00e4lt Links zu externen Websites Dritter, auf deren Inhalte wir keinen Einfluss haben. Deshalb \u00fcbernehmen wir f\u00fcr diese fremden Inhalte keine Gew\u00e4hr. F\u00fcr die Inhalte der verlinkten Seiten ist stets der jeweilige Anbieter oder Betreiber verantwortlich. Die verlinkten Seiten wurden zum Zeitpunkt der Verlinkung auf m\u00f6gliche Rechtsverst\u00f6\u00dfe \u00fcberpr\u00fcft; rechtswidrige Inhalte waren zu diesem Zeitpunkt nicht erkennbar. <\/p>\n\n\n\n<p>Eine dauerhafte inhaltliche Kontrolle verlinkter Seiten ist ohne konkrete Anhaltspunkte einer Rechtsverletzung nicht zumutbar. Bei Bekanntwerden von Rechtsverst\u00f6\u00dfen entfernen wir entsprechende Links umgehend.<\/p>\n\n\n\n<h3 class=\"wp-block-heading\"><strong>URHEBERRECHT<\/strong><\/h3>\n\n\n\n<p>Die durch die Seitenbetreiber erstellten Inhalte und Werke auf diesen Seiten unterliegen dem deutschen Urheberrecht. Vervielf\u00e4ltigung, Bearbeitung, Verbreitung und jede Art der Verwertung au\u00dferhalb der Grenzen des Urheberrechts bed\u00fcrfen der schriftlichen Zustimmung des jeweiligen Autors oder Erstellers. Downloads und Kopien dieser Seite sind nur f\u00fcr den privaten, nicht kommerziellen Gebrauch gestattet. <\/p>\n\n\n\n<p>Soweit Inhalte auf dieser Seite nicht vom Betreiber erstellt wurden, werden die Urheberrechte Dritter beachtet und entsprechende Inhalte als solche gekennzeichnet. Sollten Sie dennoch eine Urheberrechtsverletzung feststellen, bitten wir um einen Hinweis. Bei Bekanntwerden von Rechtsverletzungen entfernen wir entsprechende Inhalte umgehend.<\/p>\n\n\n\n<h3 class=\"wp-block-heading\"><strong>HINWEIS ZUR ONLINE-STREITBEILEGUNG<\/strong><\/h3>\n\n\n\n<p>Die Europ\u00e4ische Kommission stellt eine Plattform zur Online-Streitbeilegung (OS) bereit: https:\/\/ec.europa.eu\/consumers\/odr<br>Unsere E-Mail-Adresse finden Sie oben im Impressum.<\/p>\n","protected":false},"excerpt":{"rendered":"<p>Angaben gem\u00e4\u00df \u00a7 5 Digitale-Dienste-Gesetz (DDG): WB DESIGNSTUDIOInhaberin: Katarzyna BrymerskiM\u00fchlweg 1370806 KornwestheimDeutschland Rechtsform des UnternehmensEinzelunternehmen VertretungsberechtigtKatarzyna Brymerski KontaktE-Mail: info@wbdesignstudio.comTelefon: +49 151 68422678 &nbsp; Umsatzsteuer-IDUmsatzsteuer-Identifikationsnummer gem\u00e4\u00df \u00a7 27a Umsatzsteuergesetz: DE458580980 HAFTUNG F\u00dcR INHALTE Als Diensteanbieter sind wir gem\u00e4\u00df \u00a7 7 DDG f\u00fcr eigene Inhalte auf diesen Seiten nach den allgemeinen Gesetzen verantwortlich. Nach \u00a7\u00a7 8 bis &hellip; <\/p>\n<p class=\"link-more\"><a href=\"https:\/\/wbdesignstudio.com\/?page_id=285\" class=\"more-link\">Mehr <span class=\"screen-reader-text\">\u00fcber &#8222;IMPRESSUM&#8220; <\/span>Lesen<\/a><\/p>\n","protected":false},"author":1,"featured_media":0,"parent":0,"menu_order":0,"comment_status":"closed","ping_status":"closed","template":"","meta":{"inspiro_hide_title":false,"footnotes":""},"class_list":["post-285","page","type-page","status-publish","hentry"],"_links":{"self":[{"href":"https:\/\/wbdesignstudio.com\/index.php?rest_route=\/wp\/v2\/pages\/285","targetHints":{"allow":["GET"]}}],"collection":[{"href":"https:\/\/wbdesignstudio.com\/index.php?rest_route=\/wp\/v2\/pages"}],"about":[{"href":"https:\/\/wbdesignstudio.com\/index.php?rest_route=\/wp\/v2\/types\/page"}],"author":[{"embeddable":true,"href":"https:\/\/wbdesignstudio.com\/index.php?rest_route=\/wp\/v2\/users\/1"}],"replies":[{"embeddable":true,"href":"https:\/\/wbdesignstudio.com\/index.php?rest_route=%2Fwp%2Fv2%2Fcomments&post=285"}],"version-history":[{"count":17,"href":"https:\/\/wbdesignstudio.com\/index.php?rest_route=\/wp\/v2\/pages\/285\/revisions"}],"predecessor-version":[{"id":656,"href":"https:\/\/wbdesignstudio.com\/index.php?rest_route=\/wp\/v2\/pages\/285\/revisions\/656"}],"wp:attachment":[{"href":"https:\/\/wbdesignstudio.com\/index.php?rest_route=%2Fwp%2Fv2%2Fmedia&parent=285"}],"curies":[{"name":"wp","href":"https:\/\/api.w.org\/{rel}","templated":true}]}}