{"id":340,"date":"2025-11-25T12:55:11","date_gmt":"2025-11-25T12:55:11","guid":{"rendered":"https:\/\/wbdesignstudio.com\/?page_id=340"},"modified":"2026-01-11T14:09:02","modified_gmt":"2026-01-11T13:09:02","slug":"tequilalander","status":"publish","type":"page","link":"https:\/\/wbdesignstudio.com\/?page_id=340","title":{"rendered":"TEQUILALANDER"},"content":{"rendered":"\n<div class=\"wp-block-group has-global-padding is-layout-constrained wp-block-group-is-layout-constrained\">\n<div class=\"wp-block-group has-global-padding is-layout-constrained wp-block-group-is-layout-constrained\">\n<figure class=\"wp-block-gallery has-nested-images columns-default is-cropped wp-block-gallery-1 is-layout-flex wp-block-gallery-is-layout-flex\">\n<figure class=\"wp-block-image alignwide size-large\"><img loading=\"lazy\" decoding=\"async\" width=\"1024\" height=\"683\" data-id=\"344\" src=\"https:\/\/wbdesignstudio.com\/wp-content\/uploads\/2025\/11\/montserratorresphoto_WHDESIGN-3-3-1024x683.jpg\" alt=\"\" class=\"wp-image-344\" srcset=\"https:\/\/wbdesignstudio.com\/wp-content\/uploads\/2025\/11\/montserratorresphoto_WHDESIGN-3-3-1024x683.jpg 1024w, https:\/\/wbdesignstudio.com\/wp-content\/uploads\/2025\/11\/montserratorresphoto_WHDESIGN-3-3-300x200.jpg 300w, https:\/\/wbdesignstudio.com\/wp-content\/uploads\/2025\/11\/montserratorresphoto_WHDESIGN-3-3-2000x1333.jpg 2000w\" sizes=\"auto, (max-width: 1024px) 100vw, 1024px\" \/><\/figure>\n\n\n\n<figure class=\"wp-block-image alignwide size-large\"><img loading=\"lazy\" decoding=\"async\" width=\"1024\" height=\"683\" data-id=\"343\" src=\"https:\/\/wbdesignstudio.com\/wp-content\/uploads\/2025\/11\/montserratorresphoto_WHDESIGN-4-3-1024x683.jpg\" alt=\"\" class=\"wp-image-343\" srcset=\"https:\/\/wbdesignstudio.com\/wp-content\/uploads\/2025\/11\/montserratorresphoto_WHDESIGN-4-3-1024x683.jpg 1024w, https:\/\/wbdesignstudio.com\/wp-content\/uploads\/2025\/11\/montserratorresphoto_WHDESIGN-4-3-300x200.jpg 300w, https:\/\/wbdesignstudio.com\/wp-content\/uploads\/2025\/11\/montserratorresphoto_WHDESIGN-4-3-2000x1333.jpg 2000w\" sizes=\"auto, (max-width: 1024px) 100vw, 1024px\" \/><\/figure>\n<\/figure>\n<\/div>\n<\/div>\n\n\n\n<p><strong>TequilaLander<\/strong> ist eine Hommage an die j\u00fcngsten Mondmissionen wie <strong>Artemis, CLPS, SLIM oder Chang\u2019e 6<\/strong>.<\/p>\n\n\n\n<p>Das Design zeigt ein M\u00f6belst\u00fcck aus Eiche mit einer Schublade aus <strong>Faserplatte (MDF)<\/strong>, das die nat\u00fcrliche Eleganz der Eiche mit der Robustheit des MDF verbindet. Die Beine sind vom <strong>Mondlandemodul<\/strong> inspiriert, gepr\u00e4gt von einer eleganten, kantigen und futuristischen \u00c4sthetik. <\/p>\n\n\n\n<p><strong>TequilaLander<\/strong> wurde entwickelt, um <strong>Tequilaflaschen<\/strong> sowie <strong>Tequilagl\u00e4ser oder verschiedene Cocktailutensilien<\/strong> aufzubewahren. Diese Konstruktion macht das M\u00f6belst\u00fcck funktional und stilvoll \u2013 perfekt f\u00fcr eine gut ausgestattete Hausbar mit einem Hauch von Mondlandemodul-Inspiration.<\/p>\n\n\n\n<figure class=\"wp-block-video\"><video height=\"1080\" style=\"aspect-ratio: 1920 \/ 1080;\" width=\"1920\" controls src=\"https:\/\/wbdesignstudio.com\/wp-content\/uploads\/2025\/12\/Magic-Movie.mov\"><\/video><\/figure>\n\n\n\n<p><\/p>\n\n\n\n<div class=\"wp-block-buttons is-layout-flex wp-block-buttons-is-layout-flex\">\n<div class=\"wp-block-button\"><a class=\"wp-block-button__link wp-element-button\" href=\"https:\/\/wbdesignstudio.com\/?page_id=10\">Projekte<\/a><\/div>\n<\/div>\n\n\n\n<p><\/p>\n","protected":false},"excerpt":{"rendered":"<p>TequilaLander ist eine Hommage an die j\u00fcngsten Mondmissionen wie Artemis, CLPS, SLIM oder Chang\u2019e 6. Das Design zeigt ein M\u00f6belst\u00fcck aus Eiche mit einer Schublade aus Faserplatte (MDF), das die nat\u00fcrliche Eleganz der Eiche mit der Robustheit des MDF verbindet. Die Beine sind vom Mondlandemodul inspiriert, gepr\u00e4gt von einer eleganten, kantigen und futuristischen \u00c4sthetik. TequilaLander &hellip; <\/p>\n<p class=\"link-more\"><a href=\"https:\/\/wbdesignstudio.com\/?page_id=340\" class=\"more-link\">Mehr <span class=\"screen-reader-text\">\u00fcber &#8222;TEQUILALANDER&#8220; <\/span>Lesen<\/a><\/p>\n","protected":false},"author":1,"featured_media":0,"parent":0,"menu_order":0,"comment_status":"closed","ping_status":"closed","template":"","meta":{"inspiro_hide_title":false,"footnotes":""},"class_list":["post-340","page","type-page","status-publish","hentry"],"_links":{"self":[{"href":"https:\/\/wbdesignstudio.com\/index.php?rest_route=\/wp\/v2\/pages\/340","targetHints":{"allow":["GET"]}}],"collection":[{"href":"https:\/\/wbdesignstudio.com\/index.php?rest_route=\/wp\/v2\/pages"}],"about":[{"href":"https:\/\/wbdesignstudio.com\/index.php?rest_route=\/wp\/v2\/types\/page"}],"author":[{"embeddable":true,"href":"https:\/\/wbdesignstudio.com\/index.php?rest_route=\/wp\/v2\/users\/1"}],"replies":[{"embeddable":true,"href":"https:\/\/wbdesignstudio.com\/index.php?rest_route=%2Fwp%2Fv2%2Fcomments&post=340"}],"version-history":[{"count":7,"href":"https:\/\/wbdesignstudio.com\/index.php?rest_route=\/wp\/v2\/pages\/340\/revisions"}],"predecessor-version":[{"id":650,"href":"https:\/\/wbdesignstudio.com\/index.php?rest_route=\/wp\/v2\/pages\/340\/revisions\/650"}],"wp:attachment":[{"href":"https:\/\/wbdesignstudio.com\/index.php?rest_route=%2Fwp%2Fv2%2Fmedia&parent=340"}],"curies":[{"name":"wp","href":"https:\/\/api.w.org\/{rel}","templated":true}]}}