{"id":352,"date":"2025-11-25T13:09:49","date_gmt":"2025-11-25T13:09:49","guid":{"rendered":"https:\/\/wbdesignstudio.com\/?page_id=352"},"modified":"2026-01-11T14:08:48","modified_gmt":"2026-01-11T13:08:48","slug":"sillonk","status":"publish","type":"page","link":"https:\/\/wbdesignstudio.com\/?page_id=352","title":{"rendered":"SILLONK"},"content":{"rendered":"\n<figure class=\"wp-block-gallery has-nested-images columns-default is-cropped wp-block-gallery-1 is-layout-flex wp-block-gallery-is-layout-flex\">\n<figure class=\"wp-block-image size-large\"><img loading=\"lazy\" decoding=\"async\" width=\"1024\" height=\"683\" data-id=\"338\" src=\"https:\/\/wbdesignstudio.com\/wp-content\/uploads\/2025\/11\/montserratorresphoto_WHDESIGN-2-4-1024x683.jpg\" alt=\"\" class=\"wp-image-338\" srcset=\"https:\/\/wbdesignstudio.com\/wp-content\/uploads\/2025\/11\/montserratorresphoto_WHDESIGN-2-4-1024x683.jpg 1024w, https:\/\/wbdesignstudio.com\/wp-content\/uploads\/2025\/11\/montserratorresphoto_WHDESIGN-2-4-300x200.jpg 300w, https:\/\/wbdesignstudio.com\/wp-content\/uploads\/2025\/11\/montserratorresphoto_WHDESIGN-2-4-2000x1333.jpg 2000w\" sizes=\"auto, (max-width: 1024px) 100vw, 1024px\" \/><\/figure>\n\n\n\n<figure class=\"wp-block-image size-large\"><img loading=\"lazy\" decoding=\"async\" width=\"1024\" height=\"683\" data-id=\"353\" src=\"https:\/\/wbdesignstudio.com\/wp-content\/uploads\/2025\/11\/montserratorresphoto_WHDESIGN-1-1-1024x683.jpg\" alt=\"\" class=\"wp-image-353\" srcset=\"https:\/\/wbdesignstudio.com\/wp-content\/uploads\/2025\/11\/montserratorresphoto_WHDESIGN-1-1-1024x683.jpg 1024w, https:\/\/wbdesignstudio.com\/wp-content\/uploads\/2025\/11\/montserratorresphoto_WHDESIGN-1-1-300x200.jpg 300w, https:\/\/wbdesignstudio.com\/wp-content\/uploads\/2025\/11\/montserratorresphoto_WHDESIGN-1-1-2000x1333.jpg 2000w\" sizes=\"auto, (max-width: 1024px) 100vw, 1024px\" \/><\/figure>\n<\/figure>\n\n\n\n<p><\/p>\n\n\n\n<p>Stealth-Design-M\u00f6bel stehen f\u00fcr eine bewusste, unaufdringliche Form der Innenraumgestaltung, bei der sich M\u00f6bel harmonisch in den Raum einf\u00fcgen. Der moderne <strong>SillonK<\/strong>-Loungesessel verk\u00f6rpert diesen Ansatz besonders eindrucksvoll, indem er minimalistisches Design, ergonomische Formen und zeitgem\u00e4\u00dfe Eleganz verbindet. Mit seinem robusten Stahlrahmen, den Eichenholzelementen und dem hochwertigen, umweltfreundlichen Kunstleder bietet der <strong>SillonK <\/strong>zugleich au\u00dfergew\u00f6hnliche Qualit\u00e4t und modernen Wohnkomfort.<\/p>\n\n\n\n<p><\/p>\n\n\n\n<div class=\"wp-block-buttons is-layout-flex wp-block-buttons-is-layout-flex\">\n<div class=\"wp-block-button\"><a class=\"wp-block-button__link wp-element-button\" href=\"https:\/\/wbdesignstudio.com\/?page_id=10\">Projekte<\/a><\/div>\n<\/div>\n\n\n\n<p><\/p>\n","protected":false},"excerpt":{"rendered":"<p>Stealth-Design-M\u00f6bel stehen f\u00fcr eine bewusste, unaufdringliche Form der Innenraumgestaltung, bei der sich M\u00f6bel harmonisch in den Raum einf\u00fcgen. Der moderne SillonK-Loungesessel verk\u00f6rpert diesen Ansatz besonders eindrucksvoll, indem er minimalistisches Design, ergonomische Formen und zeitgem\u00e4\u00dfe Eleganz verbindet. Mit seinem robusten Stahlrahmen, den Eichenholzelementen und dem hochwertigen, umweltfreundlichen Kunstleder bietet der SillonK zugleich au\u00dfergew\u00f6hnliche Qualit\u00e4t und modernen &hellip; <\/p>\n<p class=\"link-more\"><a href=\"https:\/\/wbdesignstudio.com\/?page_id=352\" class=\"more-link\">Mehr <span class=\"screen-reader-text\">\u00fcber &#8222;SILLONK&#8220; <\/span>Lesen<\/a><\/p>\n","protected":false},"author":1,"featured_media":0,"parent":0,"menu_order":0,"comment_status":"closed","ping_status":"closed","template":"","meta":{"inspiro_hide_title":false,"footnotes":""},"class_list":["post-352","page","type-page","status-publish","hentry"],"_links":{"self":[{"href":"https:\/\/wbdesignstudio.com\/index.php?rest_route=\/wp\/v2\/pages\/352","targetHints":{"allow":["GET"]}}],"collection":[{"href":"https:\/\/wbdesignstudio.com\/index.php?rest_route=\/wp\/v2\/pages"}],"about":[{"href":"https:\/\/wbdesignstudio.com\/index.php?rest_route=\/wp\/v2\/types\/page"}],"author":[{"embeddable":true,"href":"https:\/\/wbdesignstudio.com\/index.php?rest_route=\/wp\/v2\/users\/1"}],"replies":[{"embeddable":true,"href":"https:\/\/wbdesignstudio.com\/index.php?rest_route=%2Fwp%2Fv2%2Fcomments&post=352"}],"version-history":[{"count":5,"href":"https:\/\/wbdesignstudio.com\/index.php?rest_route=\/wp\/v2\/pages\/352\/revisions"}],"predecessor-version":[{"id":649,"href":"https:\/\/wbdesignstudio.com\/index.php?rest_route=\/wp\/v2\/pages\/352\/revisions\/649"}],"wp:attachment":[{"href":"https:\/\/wbdesignstudio.com\/index.php?rest_route=%2Fwp%2Fv2%2Fmedia&parent=352"}],"curies":[{"name":"wp","href":"https:\/\/api.w.org\/{rel}","templated":true}]}}