{"id":359,"date":"2025-11-25T13:35:49","date_gmt":"2025-11-25T13:35:49","guid":{"rendered":"https:\/\/wbdesignstudio.com\/?page_id=359"},"modified":"2026-01-11T14:08:29","modified_gmt":"2026-01-11T13:08:29","slug":"coffeek","status":"publish","type":"page","link":"https:\/\/wbdesignstudio.com\/?page_id=359","title":{"rendered":"COFFEEK"},"content":{"rendered":"\n<figure class=\"wp-block-gallery has-nested-images columns-default is-cropped wp-block-gallery-1 is-layout-flex wp-block-gallery-is-layout-flex\">\n<figure class=\"wp-block-image size-large\"><img loading=\"lazy\" decoding=\"async\" width=\"1024\" height=\"768\" data-id=\"357\" src=\"https:\/\/wbdesignstudio.com\/wp-content\/uploads\/2025\/11\/CoffeeK01-1024x768.jpg\" alt=\"\" class=\"wp-image-357\" srcset=\"https:\/\/wbdesignstudio.com\/wp-content\/uploads\/2025\/11\/CoffeeK01-1024x768.jpg 1024w, https:\/\/wbdesignstudio.com\/wp-content\/uploads\/2025\/11\/CoffeeK01-300x225.jpg 300w, https:\/\/wbdesignstudio.com\/wp-content\/uploads\/2025\/11\/CoffeeK01-2000x1500.jpg 2000w\" sizes=\"auto, (max-width: 1024px) 100vw, 1024px\" \/><\/figure>\n\n\n\n<figure class=\"wp-block-image size-large\"><img loading=\"lazy\" decoding=\"async\" width=\"1024\" height=\"762\" data-id=\"362\" src=\"https:\/\/wbdesignstudio.com\/wp-content\/uploads\/2025\/11\/CoffeeK02-1024x762.jpg\" alt=\"\" class=\"wp-image-362\" srcset=\"https:\/\/wbdesignstudio.com\/wp-content\/uploads\/2025\/11\/CoffeeK02-1024x762.jpg 1024w, https:\/\/wbdesignstudio.com\/wp-content\/uploads\/2025\/11\/CoffeeK02-300x223.jpg 300w, https:\/\/wbdesignstudio.com\/wp-content\/uploads\/2025\/11\/CoffeeK02-2000x1489.jpg 2000w\" sizes=\"auto, (max-width: 1024px) 100vw, 1024px\" \/><\/figure>\n<\/figure>\n\n\n\n<p><\/p>\n\n\n\n<p><strong>CoffeeK<\/strong> ist ein skulpturaler Kaffeetisch, inspiriert von der Eleganz einer umgedrehten Pyramide. Die warme Holzoberfl\u00e4che schwebt \u00fcber einer pr\u00e4zise gefalteten, dunklen Basis und erzeugt ein kraftvolles Zusammenspiel aus Geometrie und Leichtigkeit. Seine facettierte Form verleiht jedem Raum einen architektonischen Akzent. Ein zeitloses Designst\u00fcck f\u00fcr Menschen, die das Au\u00dfergew\u00f6hnliche suchen.<\/p>\n\n\n\n<p><\/p>\n\n\n\n<div class=\"wp-block-buttons is-layout-flex wp-block-buttons-is-layout-flex\">\n<div class=\"wp-block-button\"><a class=\"wp-block-button__link wp-element-button\" href=\"https:\/\/wbdesignstudio.com\/?page_id=10\">Projekte<\/a><\/div>\n<\/div>\n\n\n\n<p><\/p>\n","protected":false},"excerpt":{"rendered":"<p>CoffeeK ist ein skulpturaler Kaffeetisch, inspiriert von der Eleganz einer umgedrehten Pyramide. Die warme Holzoberfl\u00e4che schwebt \u00fcber einer pr\u00e4zise gefalteten, dunklen Basis und erzeugt ein kraftvolles Zusammenspiel aus Geometrie und Leichtigkeit. Seine facettierte Form verleiht jedem Raum einen architektonischen Akzent. Ein zeitloses Designst\u00fcck f\u00fcr Menschen, die das Au\u00dfergew\u00f6hnliche suchen.<\/p>\n","protected":false},"author":1,"featured_media":0,"parent":0,"menu_order":0,"comment_status":"closed","ping_status":"closed","template":"","meta":{"inspiro_hide_title":false,"footnotes":""},"class_list":["post-359","page","type-page","status-publish","hentry"],"_links":{"self":[{"href":"https:\/\/wbdesignstudio.com\/index.php?rest_route=\/wp\/v2\/pages\/359","targetHints":{"allow":["GET"]}}],"collection":[{"href":"https:\/\/wbdesignstudio.com\/index.php?rest_route=\/wp\/v2\/pages"}],"about":[{"href":"https:\/\/wbdesignstudio.com\/index.php?rest_route=\/wp\/v2\/types\/page"}],"author":[{"embeddable":true,"href":"https:\/\/wbdesignstudio.com\/index.php?rest_route=\/wp\/v2\/users\/1"}],"replies":[{"embeddable":true,"href":"https:\/\/wbdesignstudio.com\/index.php?rest_route=%2Fwp%2Fv2%2Fcomments&post=359"}],"version-history":[{"count":6,"href":"https:\/\/wbdesignstudio.com\/index.php?rest_route=\/wp\/v2\/pages\/359\/revisions"}],"predecessor-version":[{"id":648,"href":"https:\/\/wbdesignstudio.com\/index.php?rest_route=\/wp\/v2\/pages\/359\/revisions\/648"}],"wp:attachment":[{"href":"https:\/\/wbdesignstudio.com\/index.php?rest_route=%2Fwp%2Fv2%2Fmedia&parent=359"}],"curies":[{"name":"wp","href":"https:\/\/api.w.org\/{rel}","templated":true}]}}