{"id":368,"date":"2025-11-25T13:58:31","date_gmt":"2025-11-25T13:58:31","guid":{"rendered":"https:\/\/wbdesignstudio.com\/?page_id=368"},"modified":"2026-02-24T18:21:47","modified_gmt":"2026-02-24T17:21:47","slug":"rocketbang","status":"publish","type":"page","link":"https:\/\/wbdesignstudio.com\/?page_id=368","title":{"rendered":"ROCKETBANG"},"content":{"rendered":"\n<div class=\"wp-block-media-text is-stacked-on-mobile\" style=\"grid-template-columns:36% auto\"><figure class=\"wp-block-media-text__media\"><video controls src=\"https:\/\/wbdesignstudio.com\/wp-content\/uploads\/2025\/11\/RocketBang_Short.mov\"><\/video><\/figure><div class=\"wp-block-media-text__content\">\n<p><\/p>\n\n\n\n<p class=\"has-text-align-left\"><strong>RocketBang<\/strong> ist ein charakterstarker Designst\u00e4nder, entwickelt als skulpturale B\u00fchne f\u00fcr den BEOSOUND 2 von Bang &amp; Olufsen. Seine Form erinnert an eine elegante Retro-Rakete, in der warme Holzfl\u00e4chen, tiefes Schwarz und pr\u00e4zise Metallakzente harmonisch verschmelzen. Die dreibeinige Konstruktion verleiht dem Lautsprecher eine beeindruckende Pr\u00e4senz und gleichzeitig schwebende Leichtigkeit. Ein einzigartiges Statement-Piece f\u00fcr Musikliebhaber, die Design als Erlebnis verstehen.<\/p>\n<\/div><\/div>\n\n\n\n<p><\/p>\n\n\n\n<div class=\"wp-block-buttons is-layout-flex wp-block-buttons-is-layout-flex\">\n<div class=\"wp-block-button\"><a class=\"wp-block-button__link wp-element-button\" href=\"https:\/\/wbdesignstudio.com\/?page_id=10\">Projekte<\/a><\/div>\n<\/div>\n\n\n\n<p><\/p>\n","protected":false},"excerpt":{"rendered":"<p>RocketBang ist ein charakterstarker Designst\u00e4nder, entwickelt als skulpturale B\u00fchne f\u00fcr den BEOSOUND 2 von Bang &amp; Olufsen. Seine Form erinnert an eine elegante Retro-Rakete, in der warme Holzfl\u00e4chen, tiefes Schwarz und pr\u00e4zise Metallakzente harmonisch verschmelzen. Die dreibeinige Konstruktion verleiht dem Lautsprecher eine beeindruckende Pr\u00e4senz und gleichzeitig schwebende Leichtigkeit. Ein einzigartiges Statement-Piece f\u00fcr Musikliebhaber, die Design &hellip; <\/p>\n<p class=\"link-more\"><a href=\"https:\/\/wbdesignstudio.com\/?page_id=368\" class=\"more-link\">Mehr <span class=\"screen-reader-text\">\u00fcber &#8222;ROCKETBANG&#8220; <\/span>Lesen<\/a><\/p>\n","protected":false},"author":1,"featured_media":0,"parent":0,"menu_order":0,"comment_status":"closed","ping_status":"closed","template":"","meta":{"inspiro_hide_title":false,"footnotes":""},"class_list":["post-368","page","type-page","status-publish","hentry"],"_links":{"self":[{"href":"https:\/\/wbdesignstudio.com\/index.php?rest_route=\/wp\/v2\/pages\/368","targetHints":{"allow":["GET"]}}],"collection":[{"href":"https:\/\/wbdesignstudio.com\/index.php?rest_route=\/wp\/v2\/pages"}],"about":[{"href":"https:\/\/wbdesignstudio.com\/index.php?rest_route=\/wp\/v2\/types\/page"}],"author":[{"embeddable":true,"href":"https:\/\/wbdesignstudio.com\/index.php?rest_route=\/wp\/v2\/users\/1"}],"replies":[{"embeddable":true,"href":"https:\/\/wbdesignstudio.com\/index.php?rest_route=%2Fwp%2Fv2%2Fcomments&post=368"}],"version-history":[{"count":10,"href":"https:\/\/wbdesignstudio.com\/index.php?rest_route=\/wp\/v2\/pages\/368\/revisions"}],"predecessor-version":[{"id":672,"href":"https:\/\/wbdesignstudio.com\/index.php?rest_route=\/wp\/v2\/pages\/368\/revisions\/672"}],"wp:attachment":[{"href":"https:\/\/wbdesignstudio.com\/index.php?rest_route=%2Fwp%2Fv2%2Fmedia&parent=368"}],"curies":[{"name":"wp","href":"https:\/\/api.w.org\/{rel}","templated":true}]}}