{"id":494,"date":"2025-12-06T13:48:07","date_gmt":"2025-12-06T13:48:07","guid":{"rendered":"https:\/\/wbdesignstudio.com\/?page_id=494"},"modified":"2026-01-11T14:08:07","modified_gmt":"2026-01-11T13:08:07","slug":"mobel-fur-paradise-spa-by-basia","status":"publish","type":"page","link":"https:\/\/wbdesignstudio.com\/?page_id=494","title":{"rendered":"M\u00d6BEL F\u00dcR &#8222;ParadiseSpa by Basia&#8220;"},"content":{"rendered":"\n<div class=\"wp-block-media-text is-stacked-on-mobile\"><figure class=\"wp-block-media-text__media\"><a href=\"https:\/\/youtube.com\/shorts\/aAcsFycz_B4?feature=share\"><img loading=\"lazy\" decoding=\"async\" width=\"1024\" height=\"768\" src=\"https:\/\/wbdesignstudio.com\/wp-content\/uploads\/2025\/12\/Massagetisch01-1024x768.jpg\" alt=\"\" class=\"wp-image-535 size-full\" srcset=\"https:\/\/wbdesignstudio.com\/wp-content\/uploads\/2025\/12\/Massagetisch01-1024x768.jpg 1024w, https:\/\/wbdesignstudio.com\/wp-content\/uploads\/2025\/12\/Massagetisch01-300x225.jpg 300w, https:\/\/wbdesignstudio.com\/wp-content\/uploads\/2025\/12\/Massagetisch01-2000x1500.jpg 2000w\" sizes=\"auto, (max-width: 1024px) 100vw, 1024px\" \/><\/a><\/figure><div class=\"wp-block-media-text__content\">\n<p><\/p>\n\n\n\n<p><strong>Massagetisch f\u00fcr ParadiseSpa by Basia, Playa Agua Blanca (Mexiko):<\/strong><br>Ein handgefertigter Massagetisch aus hochwertigem Parota-Holz, kombiniert mit einer edlen, tiefgr\u00fcnen Polsterung. Die klare Formsprache, nat\u00fcrliche Holzmaserung und pr\u00e4zise Details schaffen eine harmonische Balance aus Stabilit\u00e4t, Komfort und Design.<br>Ein exklusives M\u00f6belst\u00fcck, das Wellness auf ein neues \u00e4sthetisches Niveau hebt.<\/p>\n\n\n\n<div class=\"wp-block-buttons is-layout-flex wp-block-buttons-is-layout-flex\">\n<div class=\"wp-block-button\"><a class=\"wp-block-button__link wp-element-button\" href=\"https:\/\/youtube.com\/shorts\/aAcsFycz_B4?feature=share\">YouTube Video<\/a><\/div>\n<\/div>\n<\/div><\/div>\n\n\n\n<p><\/p>\n\n\n\n<div class=\"wp-block-media-text is-stacked-on-mobile\"><figure class=\"wp-block-media-text__media\"><a href=\"https:\/\/youtube.com\/shorts\/h9k4vKIgIC0?feature=share\"><img loading=\"lazy\" decoding=\"async\" width=\"1024\" height=\"768\" src=\"https:\/\/wbdesignstudio.com\/wp-content\/uploads\/2025\/12\/Carrito-1024x768.jpg\" alt=\"\" class=\"wp-image-537 size-full\" srcset=\"https:\/\/wbdesignstudio.com\/wp-content\/uploads\/2025\/12\/Carrito-1024x768.jpg 1024w, https:\/\/wbdesignstudio.com\/wp-content\/uploads\/2025\/12\/Carrito-300x225.jpg 300w, https:\/\/wbdesignstudio.com\/wp-content\/uploads\/2025\/12\/Carrito-2000x1500.jpg 2000w\" sizes=\"auto, (max-width: 1024px) 100vw, 1024px\" \/><\/a><\/figure><div class=\"wp-block-media-text__content\">\n<p><\/p>\n\n\n\n<p><strong>Servierwagen f\u00fcr ParadiseSpa by Basia, Playa Agua Blanca (Mexiko):<\/strong><br>Ein handgefertigter Servierwagen aus edlem Parota-Holz, entworfen f\u00fcr Funktionalit\u00e4t und Stil im Spa-Alltag. Mit gro\u00dfz\u00fcgigen Ablagefl\u00e4chen, sanft laufenden Massivholzr\u00e4dern und einer flie\u00dfenden, modernen Formgebung wird er zum praktischen wie \u00e4sthetischen Highlight.<br>Ein unverzichtbares M\u00f6belst\u00fcck f\u00fcr harmonische Wellness-Routinen \u2014 und ein Vorgeschmack auf weitere exklusive Spa-Designs.<\/p>\n\n\n\n<div class=\"wp-block-buttons is-layout-flex wp-block-buttons-is-layout-flex\">\n<div class=\"wp-block-button\"><a class=\"wp-block-button__link wp-element-button\" href=\"https:\/\/youtube.com\/shorts\/h9k4vKIgIC0?feature=share\">YouTube Video<\/a><\/div>\n<\/div>\n<\/div><\/div>\n\n\n\n<p><\/p>\n\n\n\n<div class=\"wp-block-media-text is-stacked-on-mobile\"><figure class=\"wp-block-media-text__media\"><a href=\"https:\/\/youtube.com\/shorts\/agg463BxAho?feature=share\"><img loading=\"lazy\" decoding=\"async\" width=\"768\" height=\"1024\" src=\"https:\/\/wbdesignstudio.com\/wp-content\/uploads\/2025\/12\/Makeupschrank01-768x1024.jpg\" alt=\"\" class=\"wp-image-538 size-full\" srcset=\"https:\/\/wbdesignstudio.com\/wp-content\/uploads\/2025\/12\/Makeupschrank01-768x1024.jpg 768w, https:\/\/wbdesignstudio.com\/wp-content\/uploads\/2025\/12\/Makeupschrank01-225x300.jpg 225w, https:\/\/wbdesignstudio.com\/wp-content\/uploads\/2025\/12\/Makeupschrank01-2000x2667.jpg 2000w, https:\/\/wbdesignstudio.com\/wp-content\/uploads\/2025\/12\/Makeupschrank01-scaled.jpg 1920w\" sizes=\"auto, (max-width: 768px) 100vw, 768px\" \/><\/a><\/figure><div class=\"wp-block-media-text__content\">\n<p><\/p>\n\n\n\n<p><strong>Schminkschr\u00e4nkchen f\u00fcr das ParadiseSpa by Basia<strong>, Playa Agua Blanca (Mexiko):<\/strong><\/strong><br>Ein handgefertigtes Schmink- und Aufbewahrungs\u00adschr\u00e4nkchen aus edlem Parota-Holz, veredelt mit tiefgr\u00fcnem Epoxidharz. Sanfte Rundungen, drei praktische Schubladen, ein integrierter Spiegel und eine kunstvoll gestaltete Resin-T\u00fcr verbinden Funktionalit\u00e4t mit einem ausdrucksstarken Design.<br>Ein Statement f\u00fcr alle, die Handwerk, \u00c4sthetik und Charakter in einem M\u00f6bel vereint sehen m\u00f6chten.<\/p>\n\n\n\n<div class=\"wp-block-buttons is-layout-flex wp-block-buttons-is-layout-flex\">\n<div class=\"wp-block-button\"><a class=\"wp-block-button__link wp-element-button\" href=\"https:\/\/youtube.com\/shorts\/agg463BxAho?feature=share\">YouTube Video<\/a><\/div>\n<\/div>\n<\/div><\/div>\n\n\n\n<p><\/p>\n\n\n\n<div class=\"wp-block-media-text is-stacked-on-mobile\"><figure class=\"wp-block-media-text__media\"><a href=\"https:\/\/youtube.com\/shorts\/RKExo1yAo1s?feature=share\"><img loading=\"lazy\" decoding=\"async\" width=\"768\" height=\"1024\" src=\"https:\/\/wbdesignstudio.com\/wp-content\/uploads\/2025\/12\/Kaffeetisch-02-768x1024.jpg\" alt=\"\" class=\"wp-image-539 size-full\" srcset=\"https:\/\/wbdesignstudio.com\/wp-content\/uploads\/2025\/12\/Kaffeetisch-02-768x1024.jpg 768w, https:\/\/wbdesignstudio.com\/wp-content\/uploads\/2025\/12\/Kaffeetisch-02-225x300.jpg 225w, https:\/\/wbdesignstudio.com\/wp-content\/uploads\/2025\/12\/Kaffeetisch-02-2000x2667.jpg 2000w, https:\/\/wbdesignstudio.com\/wp-content\/uploads\/2025\/12\/Kaffeetisch-02-scaled.jpg 1920w\" sizes=\"auto, (max-width: 768px) 100vw, 768px\" \/><\/a><\/figure><div class=\"wp-block-media-text__content\">\n<p><\/p>\n\n\n\n<p><strong>Kaffeetisch f\u00fcr das ParadiseSpa by Basia, Playa Agua Blanca (Mexiko):<\/strong><br>Ein handgefertigter Kaffeetisch aus edlem Parota-Holz, akzentuiert durch tiefgr\u00fcne Epoxidharz-Intarsien mit goldenen Strukturen. Die klare Formensprache und die harmonisch eingefassten Resin-Fl\u00e4chen verleihen dem Tisch eine moderne, zugleich naturverbundene Pr\u00e4senz.<br>Ein charakterstarkes Unikat f\u00fcr alle, die handwerkliche Pr\u00e4zision, \u00e4sthetische Ruhe und ein au\u00dfergew\u00f6hnliches Design sch\u00e4tzen.<\/p>\n\n\n\n<div class=\"wp-block-buttons is-layout-flex wp-block-buttons-is-layout-flex\">\n<div class=\"wp-block-button\"><a class=\"wp-block-button__link wp-element-button\" href=\"https:\/\/youtube.com\/shorts\/RKExo1yAo1s?feature=share\">YouTube Video<\/a><\/div>\n<\/div>\n<\/div><\/div>\n\n\n\n<p><\/p>\n\n\n\n<div class=\"wp-block-buttons is-layout-flex wp-block-buttons-is-layout-flex\">\n<div class=\"wp-block-button\"><a class=\"wp-block-button__link wp-element-button\" href=\"https:\/\/wbdesignstudio.com\/?page_id=10\">Projekte<\/a><\/div>\n<\/div>\n\n\n\n<p><\/p>\n","protected":false},"excerpt":{"rendered":"","protected":false},"author":1,"featured_media":0,"parent":0,"menu_order":0,"comment_status":"closed","ping_status":"closed","template":"","meta":{"inspiro_hide_title":false,"footnotes":""},"class_list":["post-494","page","type-page","status-publish","hentry"],"_links":{"self":[{"href":"https:\/\/wbdesignstudio.com\/index.php?rest_route=\/wp\/v2\/pages\/494","targetHints":{"allow":["GET"]}}],"collection":[{"href":"https:\/\/wbdesignstudio.com\/index.php?rest_route=\/wp\/v2\/pages"}],"about":[{"href":"https:\/\/wbdesignstudio.com\/index.php?rest_route=\/wp\/v2\/types\/page"}],"author":[{"embeddable":true,"href":"https:\/\/wbdesignstudio.com\/index.php?rest_route=\/wp\/v2\/users\/1"}],"replies":[{"embeddable":true,"href":"https:\/\/wbdesignstudio.com\/index.php?rest_route=%2Fwp%2Fv2%2Fcomments&post=494"}],"version-history":[{"count":18,"href":"https:\/\/wbdesignstudio.com\/index.php?rest_route=\/wp\/v2\/pages\/494\/revisions"}],"predecessor-version":[{"id":647,"href":"https:\/\/wbdesignstudio.com\/index.php?rest_route=\/wp\/v2\/pages\/494\/revisions\/647"}],"wp:attachment":[{"href":"https:\/\/wbdesignstudio.com\/index.php?rest_route=%2Fwp%2Fv2%2Fmedia&parent=494"}],"curies":[{"name":"wp","href":"https:\/\/api.w.org\/{rel}","templated":true}]}}