{"id":89,"date":"2025-11-01T12:20:15","date_gmt":"2025-11-01T12:20:15","guid":{"rendered":"https:\/\/wbdesignstudio.com\/?page_id=89"},"modified":"2026-01-11T14:11:26","modified_gmt":"2026-01-11T13:11:26","slug":"arbeiten","status":"publish","type":"page","link":"https:\/\/wbdesignstudio.com\/?page_id=89","title":{"rendered":"DESIGN MIT KI"},"content":{"rendered":"\n<p><strong>Ein Einblick in ausgew\u00e4hlte Projekte und Objekte:<\/strong><\/p>\n\n\n\n<h4 class=\"wp-block-heading\"><strong>1. Timeless Furniture Design<\/strong><\/h4>\n\n\n\n<figure class=\"wp-block-embed is-type-video is-provider-youtube wp-block-embed-youtube wp-embed-aspect-16-9 wp-has-aspect-ratio\"><div class=\"wp-block-embed__wrapper\">\n<iframe loading=\"lazy\" title=\"Timeless Furniture Design | \u6771\u4eac\u591c | WB DESIGNSTUDIO\" width=\"950\" height=\"534\" src=\"https:\/\/www.youtube.com\/embed\/pL4fvcn7yTA?feature=oembed\" frameborder=\"0\" allow=\"accelerometer; autoplay; clipboard-write; encrypted-media; gyroscope; picture-in-picture; web-share\" referrerpolicy=\"strict-origin-when-cross-origin\" allowfullscreen><\/iframe>\n<\/div><\/figure>\n\n\n\n<p>In diesem Kurzfilm pr\u00e4sentiert WB DESIGNSTUDIO \u201eTimeless Furniture Design\u201c \u2014 eine visuelle Reise durch unsere neuesten Kreationen, eingebettet in ein modernes, elegantes Apartment im n\u00e4chtlichen Tokio, alles mit KI (Nano Banana und Kling AI). Der Film spiegelt unsere Philosophie wider: Kunst, Handwerk und Kreativit\u00e4t zu verbinden, um Objekte zu erschaffen, die Zeit und Trends \u00fcberdauern.<\/p>\n\n\n\n<h4 class=\"wp-block-heading\"><strong>2. Zukunft des Haustierkomforts: Designer-Welpenlounger 2026<\/strong><\/h4>\n\n\n\n<figure class=\"wp-block-embed is-type-video is-provider-youtube wp-block-embed-youtube wp-embed-aspect-16-9 wp-has-aspect-ratio\"><div class=\"wp-block-embed__wrapper\">\n<iframe loading=\"lazy\" title=\"Future of Pet Comfort: Designer Puppy Loungers 2026\" width=\"950\" height=\"534\" src=\"https:\/\/www.youtube.com\/embed\/gfUwQjvwmgw?feature=oembed\" frameborder=\"0\" allow=\"accelerometer; autoplay; clipboard-write; encrypted-media; gyroscope; picture-in-picture; web-share\" referrerpolicy=\"strict-origin-when-cross-origin\" allowfullscreen><\/iframe>\n<\/div><\/figure>\n\n\n\n<p>Tauche ein in eine Welt, in der modernes Design, Handwerkskunst und Komfort zu einzigartigen Lounge-M\u00f6beln verschmelzen \u2013 exklusiv f\u00fcr Welpen. In diesem neuen Kurzfilm pr\u00e4sentieren wir eine frische Kollektion skulpturaler Hundesofas \u2013 von Denim-Tunneln \u00fcber warme Kokons bis hin zu futuristischen Formen. Jedes St\u00fcck entsteht aus einer k\u00fcnstlerischen Vision und der Liebe zu unseren vierbeinigen Freunden, unterm Einsatz von KI (Flux) und Kling AI.<\/p>\n\n\n\n<h4 class=\"wp-block-heading\"><strong>3. Cyberpunk-Tr\u00e4ume: Futuristische Bettdesigns, die Komfort neu definieren<\/strong><\/h4>\n\n\n\n<figure class=\"wp-block-embed is-type-video is-provider-youtube wp-block-embed-youtube wp-embed-aspect-16-9 wp-has-aspect-ratio\"><div class=\"wp-block-embed__wrapper\">\n<iframe loading=\"lazy\" title=\"Cyberpunk Dreams: Futuristic Bed Designs That Redefine Comfort\" width=\"950\" height=\"534\" src=\"https:\/\/www.youtube.com\/embed\/ueTc9-IJHLY?feature=oembed\" frameborder=\"0\" allow=\"accelerometer; autoplay; clipboard-write; encrypted-media; gyroscope; picture-in-picture; web-share\" referrerpolicy=\"strict-origin-when-cross-origin\" allowfullscreen><\/iframe>\n<\/div><\/figure>\n\n\n\n<p>Tauche ein in die Welt des Cyberpunk mit diesen beeindruckenden futuristischen Bettdesigns! Diese hochmodernen Kreationen vereinen elegante \u00c4sthetik mit fortschrittlicher Technologie und zeigen, wie Innovation und Komfort in den Homes von morgen verschmelzen. Perfekt f\u00fcr Sci-Fi-Fans, Designliebhaber und alle, die nach neuer Inspiration suchen. Entworfen mit KI (Flux) und animiert mit Kling AI.<\/p>\n\n\n\n<h4 class=\"wp-block-heading\"><strong>4. Wohnzimmerdesigns der Zukunft: Los Angeles 2050<\/strong><\/h4>\n\n\n\n<figure class=\"wp-block-embed is-type-video is-provider-youtube wp-block-embed-youtube wp-embed-aspect-16-9 wp-has-aspect-ratio\"><div class=\"wp-block-embed__wrapper\">\n<iframe loading=\"lazy\" title=\"Experience the Future of Living: LA 2050 Living Room Design\" width=\"950\" height=\"534\" src=\"https:\/\/www.youtube.com\/embed\/4-LYrDirukY?feature=oembed\" frameborder=\"0\" allow=\"accelerometer; autoplay; clipboard-write; encrypted-media; gyroscope; picture-in-picture; web-share\" referrerpolicy=\"strict-origin-when-cross-origin\" allowfullscreen><\/iframe>\n<\/div><\/figure>\n\n\n\n<p>Tauche ein in die avantgardistischen Wohnzimmerdesigns von Los Angeles 2050. Von eleganter, moderner \u00c4sthetik bis zu lebendigen futuristischen Vibes \u2013 so werden wir in den kommenden Jahren stylisch leben. Wir nennen es: LivingRoomK! Kreiert mit Flux AI und animiert mit Kling AI.<\/p>\n\n\n\n<p><strong>5. CocinaK: Willkommen in der Zukunft der K\u00fcchen<\/strong><\/p>\n\n\n\n<figure class=\"wp-block-embed is-type-video is-provider-youtube wp-block-embed-youtube wp-embed-aspect-16-9 wp-has-aspect-ratio\"><div class=\"wp-block-embed__wrapper\">\n<iframe loading=\"lazy\" title=\"CocinaK: Welcome to the Future of Kitchens\" width=\"950\" height=\"534\" src=\"https:\/\/www.youtube.com\/embed\/Ewac3NnpDkU?feature=oembed\" frameborder=\"0\" allow=\"accelerometer; autoplay; clipboard-write; encrypted-media; gyroscope; picture-in-picture; web-share\" referrerpolicy=\"strict-origin-when-cross-origin\" allowfullscreen><\/iframe>\n<\/div><\/figure>\n\n\n\n<p>CocinaK ist mehr als nur eine K\u00fcche \u2014 es ist ein Erlebnis. Mit eleganten Betonstrukturen und modernster Beleuchtung verwandelt dieses futuristische Konzept deinen Kochbereich in ein echtes Meisterwerk. Stell dir vor, G\u00e4ste in diesem offenen, naturverbundenen Layout zu empfangen, in dem Luxus und Funktionalit\u00e4t nahtlos verschmelzen. Kreiert mit Flux AI und animiert mit Kling AI.<\/p>\n\n\n\n<p><strong>6. BathRoomK: Entdecke die Zukunft des Baddesigns<\/strong><\/p>\n\n\n\n<figure class=\"wp-block-embed is-type-video is-provider-youtube wp-block-embed-youtube wp-embed-aspect-16-9 wp-has-aspect-ratio\"><div class=\"wp-block-embed__wrapper\">\n<iframe loading=\"lazy\" title=\"BathRoomK: Discover the Future of Bathroom Design\" width=\"950\" height=\"534\" src=\"https:\/\/www.youtube.com\/embed\/Rh5dzGHcIXE?feature=oembed\" frameborder=\"0\" allow=\"accelerometer; autoplay; clipboard-write; encrypted-media; gyroscope; picture-in-picture; web-share\" referrerpolicy=\"strict-origin-when-cross-origin\" allowfullscreen><\/iframe>\n<\/div><\/figure>\n\n\n\n<p>Entdecke die Zukunft des Baddesigns! Wo Luxus auf Innovation trifft, verbinden diese Konzepte modernste \u00c4sthetik mit atemberaubendem Skyline-Blick. Verwandle dein Zuhause mit einem Raum, der genauso entspannend wie futuristisch ist. Kreiert mit Flux AI und animiert mit Kling AI.<\/p>\n","protected":false},"excerpt":{"rendered":"<p>Ein Einblick in ausgew\u00e4hlte Projekte und Objekte: 1. Timeless Furniture Design In diesem Kurzfilm pr\u00e4sentiert WB DESIGNSTUDIO \u201eTimeless Furniture Design\u201c \u2014 eine visuelle Reise durch unsere neuesten Kreationen, eingebettet in ein modernes, elegantes Apartment im n\u00e4chtlichen Tokio, alles mit KI (Nano Banana und Kling AI). Der Film spiegelt unsere Philosophie wider: Kunst, Handwerk und Kreativit\u00e4t &hellip; <\/p>\n<p class=\"link-more\"><a href=\"https:\/\/wbdesignstudio.com\/?page_id=89\" class=\"more-link\">Mehr <span class=\"screen-reader-text\">\u00fcber &#8222;DESIGN MIT KI&#8220; <\/span>Lesen<\/a><\/p>\n","protected":false},"author":1,"featured_media":0,"parent":0,"menu_order":0,"comment_status":"closed","ping_status":"closed","template":"","meta":{"inspiro_hide_title":false,"footnotes":""},"class_list":["post-89","page","type-page","status-publish","hentry"],"_links":{"self":[{"href":"https:\/\/wbdesignstudio.com\/index.php?rest_route=\/wp\/v2\/pages\/89","targetHints":{"allow":["GET"]}}],"collection":[{"href":"https:\/\/wbdesignstudio.com\/index.php?rest_route=\/wp\/v2\/pages"}],"about":[{"href":"https:\/\/wbdesignstudio.com\/index.php?rest_route=\/wp\/v2\/types\/page"}],"author":[{"embeddable":true,"href":"https:\/\/wbdesignstudio.com\/index.php?rest_route=\/wp\/v2\/users\/1"}],"replies":[{"embeddable":true,"href":"https:\/\/wbdesignstudio.com\/index.php?rest_route=%2Fwp%2Fv2%2Fcomments&post=89"}],"version-history":[{"count":36,"href":"https:\/\/wbdesignstudio.com\/index.php?rest_route=\/wp\/v2\/pages\/89\/revisions"}],"predecessor-version":[{"id":652,"href":"https:\/\/wbdesignstudio.com\/index.php?rest_route=\/wp\/v2\/pages\/89\/revisions\/652"}],"wp:attachment":[{"href":"https:\/\/wbdesignstudio.com\/index.php?rest_route=%2Fwp%2Fv2%2Fmedia&parent=89"}],"curies":[{"name":"wp","href":"https:\/\/api.w.org\/{rel}","templated":true}]}}