{"id":9,"date":"2024-06-23T01:43:50","date_gmt":"2024-06-23T01:43:50","guid":{"rendered":"https:\/\/wbdesignstudio.com\/?page_id=9"},"modified":"2026-01-11T13:36:13","modified_gmt":"2026-01-11T12:36:13","slug":"informacje","status":"publish","type":"page","link":"https:\/\/wbdesignstudio.com\/?page_id=9","title":{"rendered":"WB DESIGNSTUDIO"},"content":{"rendered":"\n<figure class=\"wp-block-image alignfull size-large\"><img loading=\"lazy\" decoding=\"async\" width=\"1024\" height=\"683\" src=\"https:\/\/wbdesignstudio.com\/wp-content\/uploads\/2025\/11\/montserratorresphoto_WHDESIGN-22-1024x683.jpg\" alt=\"\" class=\"wp-image-83\" srcset=\"https:\/\/wbdesignstudio.com\/wp-content\/uploads\/2025\/11\/montserratorresphoto_WHDESIGN-22-1024x683.jpg 1024w, https:\/\/wbdesignstudio.com\/wp-content\/uploads\/2025\/11\/montserratorresphoto_WHDESIGN-22-300x200.jpg 300w, https:\/\/wbdesignstudio.com\/wp-content\/uploads\/2025\/11\/montserratorresphoto_WHDESIGN-22-2000x1333.jpg 2000w\" sizes=\"auto, (max-width: 1024px) 100vw, 1024px\" \/><\/figure>\n\n\n\n<p><\/p>\n\n\n\n<h4 class=\"wp-block-heading has-text-align-left\">Gemeinsam mit ausgew\u00e4hlten Manufakturen aus Europa und Mexiko realisieren wir individuelle Anfragen f\u00fcr M\u00f6bel und Designobjekte \u2013 vom ersten Kontakt bis zur finalen Umsetzung. Unser Ziel ist es, die W\u00fcnsche unserer Kundinnen und Kunden zu verstehen, ma\u00dfgeschneiderte L\u00f6sungen zu entwickeln und Objekte zu schaffen, die echte Unikate sind.<\/h4>\n\n\n\n<h4 class=\"wp-block-heading\">Wir entwerfen St\u00fccke, die nicht nur funktional sind, sondern auch Lebensr\u00e4ume bereichern. Ob minimalistischer Look, moderne Akzente oder besondere Sonderanfertigungen \u2013 jedes Objekt wird ganz nach Ihren Vorstellungen gestaltet.<\/h4>\n\n\n\n<h4 class=\"wp-block-heading\">WB DESIGNSTUDIO verbindet hochwertige Materialien, traditionelle Handwerkskunst und moderne Technologien.<\/h4>\n\n\n\n<h4 class=\"wp-block-heading\">Gr\u00fcnderin<br>Katarzyna Brymerski<\/h4>\n","protected":false},"excerpt":{"rendered":"<p>Gemeinsam mit ausgew\u00e4hlten Manufakturen aus Europa und Mexiko realisieren wir individuelle Anfragen f\u00fcr M\u00f6bel und Designobjekte \u2013 vom ersten Kontakt bis zur finalen Umsetzung. Unser Ziel ist es, die W\u00fcnsche unserer Kundinnen und Kunden zu verstehen, ma\u00dfgeschneiderte L\u00f6sungen zu entwickeln und Objekte zu schaffen, die echte Unikate sind. Wir entwerfen St\u00fccke, die nicht nur funktional &hellip; <\/p>\n<p class=\"link-more\"><a href=\"https:\/\/wbdesignstudio.com\/?page_id=9\" class=\"more-link\">Mehr <span class=\"screen-reader-text\">\u00fcber &#8222;WB DESIGNSTUDIO&#8220; <\/span>Lesen<\/a><\/p>\n","protected":false},"author":1,"featured_media":0,"parent":0,"menu_order":0,"comment_status":"closed","ping_status":"closed","template":"","meta":{"inspiro_hide_title":false,"footnotes":""},"class_list":["post-9","page","type-page","status-publish","hentry"],"_links":{"self":[{"href":"https:\/\/wbdesignstudio.com\/index.php?rest_route=\/wp\/v2\/pages\/9","targetHints":{"allow":["GET"]}}],"collection":[{"href":"https:\/\/wbdesignstudio.com\/index.php?rest_route=\/wp\/v2\/pages"}],"about":[{"href":"https:\/\/wbdesignstudio.com\/index.php?rest_route=\/wp\/v2\/types\/page"}],"author":[{"embeddable":true,"href":"https:\/\/wbdesignstudio.com\/index.php?rest_route=\/wp\/v2\/users\/1"}],"replies":[{"embeddable":true,"href":"https:\/\/wbdesignstudio.com\/index.php?rest_route=%2Fwp%2Fv2%2Fcomments&post=9"}],"version-history":[{"count":11,"href":"https:\/\/wbdesignstudio.com\/index.php?rest_route=\/wp\/v2\/pages\/9\/revisions"}],"predecessor-version":[{"id":628,"href":"https:\/\/wbdesignstudio.com\/index.php?rest_route=\/wp\/v2\/pages\/9\/revisions\/628"}],"wp:attachment":[{"href":"https:\/\/wbdesignstudio.com\/index.php?rest_route=%2Fwp%2Fv2%2Fmedia&parent=9"}],"curies":[{"name":"wp","href":"https:\/\/api.w.org\/{rel}","templated":true}]}}